{"id":2526,"date":"2024-02-14T17:44:34","date_gmt":"2024-02-14T16:44:34","guid":{"rendered":"https:\/\/gusleepconsulting.com\/approccio\/"},"modified":"2024-03-08T12:17:28","modified_gmt":"2024-03-08T11:17:28","slug":"approccio","status":"publish","type":"page","link":"https:\/\/gusleepconsulting.com\/it\/approccio\/","title":{"rendered":"Approccio"},"content":{"rendered":"\t\t<div data-elementor-type=\"wp-page\" data-elementor-id=\"2526\" class=\"elementor elementor-2526 elementor-26\" data-elementor-post-type=\"page\">\n\t\t\t\t<div class=\"elementor-element elementor-element-2232f62 e-flex e-con-boxed e-con e-parent\" data-id=\"2232f62\" data-element_type=\"container\" data-e-type=\"container\">\n\t\t\t\t\t<div class=\"e-con-inner\">\n\t\t<div class=\"elementor-element elementor-element-2b7fcf6 e-con-full e-flex e-con e-child\" data-id=\"2b7fcf6\" data-element_type=\"container\" data-e-type=\"container\">\n\t\t\t\t<div class=\"elementor-element elementor-element-7a44f26 elementor-widget elementor-widget-image\" data-id=\"7a44f26\" data-element_type=\"widget\" data-e-type=\"widget\" data-widget_type=\"image.default\">\n\t\t\t\t<div class=\"elementor-widget-container\">\n\t\t\t\t\t\t\t\t\t\t\t\t\t\t\t<img fetchpriority=\"high\" decoding=\"async\" width=\"800\" height=\"558\" src=\"https:\/\/gusleepconsulting.com\/wp-content\/uploads\/2024\/02\/personal-gfx-1.jpg\" class=\"attachment-full size-full wp-image-2470\" alt=\"\" srcset=\"https:\/\/gusleepconsulting.com\/wp-content\/uploads\/2024\/02\/personal-gfx-1.jpg 800w, https:\/\/gusleepconsulting.com\/wp-content\/uploads\/2024\/02\/personal-gfx-1-300x209.jpg 300w, https:\/\/gusleepconsulting.com\/wp-content\/uploads\/2024\/02\/personal-gfx-1-768x536.jpg 768w\" sizes=\"(max-width: 800px) 100vw, 800px\" \/>\t\t\t\t\t\t\t\t\t\t\t\t\t\t\t<\/div>\n\t\t\t\t<\/div>\n\t\t\t\t<\/div>\n\t\t<div class=\"elementor-element elementor-element-3143007 e-con-full e-flex e-con e-child\" data-id=\"3143007\" data-element_type=\"container\" data-e-type=\"container\">\n\t\t\t\t<div class=\"elementor-element elementor-element-c50f171 elementor-widget elementor-widget-heading\" data-id=\"c50f171\" data-element_type=\"widget\" data-e-type=\"widget\" data-widget_type=\"heading.default\">\n\t\t\t\t<div class=\"elementor-widget-container\">\n\t\t\t\t\t<h2 class=\"elementor-heading-title elementor-size-default\">Il sonno \u00e8 personale<\/h2>\t\t\t\t<\/div>\n\t\t\t\t<\/div>\n\t\t\t\t<div class=\"elementor-element elementor-element-783584c elementor-widget elementor-widget-text-editor\" data-id=\"783584c\" data-element_type=\"widget\" data-e-type=\"widget\" data-widget_type=\"text-editor.default\">\n\t\t\t\t<div class=\"elementor-widget-container\">\n\t\t\t\t\t\t\t\t\t<p>Il tuo bambino ha delle abitudini di sonno uniche e una personalit\u00e0 propria. Tu hai il tuo stile genitoriale. La &#8220;magia&#8221; accade quando creiamo un approccio adatto al tuo bambino e con il quale tu ti senti bene come genitore.<\/p>\n\t\t\t\t\t\t\t\t<\/div>\n\t\t\t\t<\/div>\n\t\t\t\t<\/div>\n\t\t\t\t\t<\/div>\n\t\t\t\t<\/div>\n\t\t<div class=\"elementor-element elementor-element-dd97de7 e-flex e-con-boxed e-con e-parent\" data-id=\"dd97de7\" data-element_type=\"container\" data-e-type=\"container\" data-settings=\"{&quot;background_background&quot;:&quot;classic&quot;}\">\n\t\t\t\t\t<div class=\"e-con-inner\">\n\t\t<div class=\"elementor-element elementor-element-131153f e-con-full e-flex e-con e-child\" data-id=\"131153f\" data-element_type=\"container\" data-e-type=\"container\">\n\t\t\t\t<div class=\"elementor-element elementor-element-4a00cb4 elementor-widget elementor-widget-heading\" data-id=\"4a00cb4\" data-element_type=\"widget\" data-e-type=\"widget\" data-widget_type=\"heading.default\">\n\t\t\t\t<div class=\"elementor-widget-container\">\n\t\t\t\t\t<h2 class=\"elementor-heading-title elementor-size-default\">Il sonno \u00e8 salute<\/h2>\t\t\t\t<\/div>\n\t\t\t\t<\/div>\n\t\t\t\t<div class=\"elementor-element elementor-element-40b3c63 elementor-widget elementor-widget-text-editor\" data-id=\"40b3c63\" data-element_type=\"widget\" data-e-type=\"widget\" data-widget_type=\"text-editor.default\">\n\t\t\t\t<div class=\"elementor-widget-container\">\n\t\t\t\t\t\t\t\t\t<p>Studio dopo studio ha dimostrato che una buona notte di sonno \u00e8 altrettanto importante per il tuo bambino quanto una corretta alimentazione. Nella stessa misura in cui non cresciamo i nostri figli con una dieta di cibo spazzatura, non dovremmo farli crescere con un sonno scadente.<\/p>\n\t\t\t\t\t\t\t\t<\/div>\n\t\t\t\t<\/div>\n\t\t\t\t<\/div>\n\t\t<div class=\"elementor-element elementor-element-1326aa1 e-con-full e-flex e-con e-child\" data-id=\"1326aa1\" data-element_type=\"container\" data-e-type=\"container\">\n\t\t\t\t<div class=\"elementor-element elementor-element-f8900e6 elementor-widget elementor-widget-image\" data-id=\"f8900e6\" data-element_type=\"widget\" data-e-type=\"widget\" data-widget_type=\"image.default\">\n\t\t\t\t<div class=\"elementor-widget-container\">\n\t\t\t\t\t\t\t\t\t\t\t\t\t\t\t<img decoding=\"async\" width=\"800\" height=\"558\" src=\"https:\/\/gusleepconsulting.com\/wp-content\/uploads\/2024\/02\/health-gfx.jpg\" class=\"attachment-full size-full wp-image-2464\" alt=\"\" srcset=\"https:\/\/gusleepconsulting.com\/wp-content\/uploads\/2024\/02\/health-gfx.jpg 800w, https:\/\/gusleepconsulting.com\/wp-content\/uploads\/2024\/02\/health-gfx-300x209.jpg 300w, https:\/\/gusleepconsulting.com\/wp-content\/uploads\/2024\/02\/health-gfx-768x536.jpg 768w\" sizes=\"(max-width: 800px) 100vw, 800px\" \/>\t\t\t\t\t\t\t\t\t\t\t\t\t\t\t<\/div>\n\t\t\t\t<\/div>\n\t\t\t\t<\/div>\n\t\t\t\t\t<\/div>\n\t\t\t\t<\/div>\n\t\t<div class=\"elementor-element elementor-element-d2eb699 e-flex e-con-boxed e-con e-parent\" data-id=\"d2eb699\" data-element_type=\"container\" data-e-type=\"container\">\n\t\t\t\t\t<div class=\"e-con-inner\">\n\t\t<div class=\"elementor-element elementor-element-f108c92 e-con-full e-flex e-con e-child\" data-id=\"f108c92\" data-element_type=\"container\" data-e-type=\"container\">\n\t\t\t\t<div class=\"elementor-element elementor-element-0422da4 elementor-widget elementor-widget-image\" data-id=\"0422da4\" data-element_type=\"widget\" data-e-type=\"widget\" data-widget_type=\"image.default\">\n\t\t\t\t<div class=\"elementor-widget-container\">\n\t\t\t\t\t\t\t\t\t\t\t\t\t\t\t<img decoding=\"async\" width=\"800\" height=\"558\" src=\"https:\/\/gusleepconsulting.com\/wp-content\/uploads\/2024\/02\/happiness-gfx5.jpg\" class=\"attachment-full size-full wp-image-2466\" alt=\"\" srcset=\"https:\/\/gusleepconsulting.com\/wp-content\/uploads\/2024\/02\/happiness-gfx5.jpg 800w, https:\/\/gusleepconsulting.com\/wp-content\/uploads\/2024\/02\/happiness-gfx5-300x209.jpg 300w, https:\/\/gusleepconsulting.com\/wp-content\/uploads\/2024\/02\/happiness-gfx5-768x536.jpg 768w\" sizes=\"(max-width: 800px) 100vw, 800px\" \/>\t\t\t\t\t\t\t\t\t\t\t\t\t\t\t<\/div>\n\t\t\t\t<\/div>\n\t\t\t\t<\/div>\n\t\t<div class=\"elementor-element elementor-element-7c00e91 e-con-full e-flex e-con e-child\" data-id=\"7c00e91\" data-element_type=\"container\" data-e-type=\"container\">\n\t\t\t\t<div class=\"elementor-element elementor-element-d031ad5 elementor-widget elementor-widget-heading\" data-id=\"d031ad5\" data-element_type=\"widget\" data-e-type=\"widget\" data-widget_type=\"heading.default\">\n\t\t\t\t<div class=\"elementor-widget-container\">\n\t\t\t\t\t<h2 class=\"elementor-heading-title elementor-size-default\">Il sonno \u00e8 felicit\u00e0<\/h2>\t\t\t\t<\/div>\n\t\t\t\t<\/div>\n\t\t\t\t<div class=\"elementor-element elementor-element-e3e4de9 elementor-widget elementor-widget-text-editor\" data-id=\"e3e4de9\" data-element_type=\"widget\" data-e-type=\"widget\" data-widget_type=\"text-editor.default\">\n\t\t\t\t<div class=\"elementor-widget-container\">\n\t\t\t\t\t\t\t\t\t<p>Esiste un legame definito tra la privazione cronica del sonno e la depressione postpartum. La maggior parte delle madri segnala un miglioramento drammatico nel loro umore (e del loro bambino!) una volta che la famiglia dorme bene.<\/p>\n\t\t\t\t\t\t\t\t<\/div>\n\t\t\t\t<\/div>\n\t\t\t\t<\/div>\n\t\t\t\t\t<\/div>\n\t\t\t\t<\/div>\n\t\t<div class=\"elementor-element elementor-element-2d3fe9e e-flex e-con-boxed e-con e-parent\" data-id=\"2d3fe9e\" data-element_type=\"container\" data-e-type=\"container\">\n\t\t\t\t\t<div class=\"e-con-inner\">\n\t\t<div class=\"elementor-element elementor-element-a76bf6b e-con-full e-flex e-con e-child\" data-id=\"a76bf6b\" data-element_type=\"container\" data-e-type=\"container\">\n\t\t\t\t<div class=\"elementor-element elementor-element-e17ca6d elementor-widget elementor-widget-heading\" data-id=\"e17ca6d\" data-element_type=\"widget\" data-e-type=\"widget\" data-widget_type=\"heading.default\">\n\t\t\t\t<div class=\"elementor-widget-container\">\n\t\t\t\t\t<h2 class=\"elementor-heading-title elementor-size-default\">Il sonno \u00e8 naturale<\/h2>\t\t\t\t<\/div>\n\t\t\t\t<\/div>\n\t\t\t\t<div class=\"elementor-element elementor-element-a2f5bbc elementor-widget elementor-widget-text-editor\" data-id=\"a2f5bbc\" data-element_type=\"widget\" data-e-type=\"widget\" data-widget_type=\"text-editor.default\">\n\t\t\t\t<div class=\"elementor-widget-container\">\n\t\t\t\t\t\t\t\t\t<p>Anche se il sonno \u00e8 un processo naturale, i bambini devono imparare a dormire bene, proprio come imparano a mangiare, camminare e parlare. Insegnare ai bambini buone abitudini del sonno \u00e8 un aspetto cruciale della genitorialit\u00e0. Quando i genitori si trovano incerti su come guidare i loro figli in questo aspetto, sono qui per offrire supporto e guida.<\/p>\n\t\t\t\t\t\t\t\t<\/div>\n\t\t\t\t<\/div>\n\t\t\t\t<\/div>\n\t\t<div class=\"elementor-element elementor-element-fd0a437 e-con-full e-flex e-con e-child\" data-id=\"fd0a437\" data-element_type=\"container\" data-e-type=\"container\">\n\t\t\t\t<div class=\"elementor-element elementor-element-d5aa751 elementor-widget elementor-widget-image\" data-id=\"d5aa751\" data-element_type=\"widget\" data-e-type=\"widget\" data-widget_type=\"image.default\">\n\t\t\t\t<div class=\"elementor-widget-container\">\n\t\t\t\t\t\t\t\t\t\t\t\t\t\t\t<img loading=\"lazy\" decoding=\"async\" width=\"800\" height=\"558\" src=\"https:\/\/gusleepconsulting.com\/wp-content\/uploads\/2024\/02\/sleep-natural.jpg\" class=\"attachment-full size-full wp-image-2468\" alt=\"\" srcset=\"https:\/\/gusleepconsulting.com\/wp-content\/uploads\/2024\/02\/sleep-natural.jpg 800w, https:\/\/gusleepconsulting.com\/wp-content\/uploads\/2024\/02\/sleep-natural-300x209.jpg 300w, https:\/\/gusleepconsulting.com\/wp-content\/uploads\/2024\/02\/sleep-natural-768x536.jpg 768w\" sizes=\"(max-width: 800px) 100vw, 800px\" \/>\t\t\t\t\t\t\t\t\t\t\t\t\t\t\t<\/div>\n\t\t\t\t<\/div>\n\t\t\t\t<\/div>\n\t\t\t\t\t<\/div>\n\t\t\t\t<\/div>\n\t\t<div class=\"elementor-element elementor-element-70a3d77 e-flex e-con-boxed e-con e-parent\" data-id=\"70a3d77\" data-element_type=\"container\" data-e-type=\"container\" data-settings=\"{&quot;background_background&quot;:&quot;classic&quot;}\">\n\t\t\t\t\t<div class=\"e-con-inner\">\n\t\t\t\t<div class=\"elementor-element elementor-element-23f3e71 elementor-widget elementor-widget-heading\" data-id=\"23f3e71\" data-element_type=\"widget\" data-e-type=\"widget\" data-widget_type=\"heading.default\">\n\t\t\t\t<div class=\"elementor-widget-container\">\n\t\t\t\t\t<h2 class=\"elementor-heading-title elementor-size-default\">Perch\u00e9 intraprendere un percorso del sonno con me?<\/h2>\t\t\t\t<\/div>\n\t\t\t\t<\/div>\n\t\t\t\t<div class=\"elementor-element elementor-element-bedc3dd elementor-widget__width-initial elementor-widget elementor-widget-text-editor\" data-id=\"bedc3dd\" data-element_type=\"widget\" data-e-type=\"widget\" data-widget_type=\"text-editor.default\">\n\t\t\t\t<div class=\"elementor-widget-container\">\n\t\t\t\t\t\t\t\t\t<p>Ti accompagno nell\u2019 aiutare il tuo bambino a imparare ad addormentarsi in modo indipendente e godere di una notte di sonno riposante. Mentre alcuni bambini imparano rapidamente, altri possono affrontare sfide nel calmarsi o nel tornare a dormire dopo essersi svegliati. Molti bambini hanno bisogno di un po&#8217; di assistenza lungo il cammino.<\/p><p>Fare un percorso del sonno offre numerosi vantaggi per l&#8217;intera famiglia. Un sonno adeguato \u00e8 cruciale per il benessere e la funzionalit\u00e0 di tutti. Quando un bambino impara a dormire in modo indipendente, consente al genitore di recuperare e ottenere il riposo che merita. Un genitore ben riposato pu\u00f2 eccellere nei ruoli sia di genitore che di coniuge.<\/p><p>I neonati, in particolare, faticano a stabilire i propri ritmi giorno-notte, nonostante il loro bisogno biologico di farlo. Pertanto, i genitori svolgono un ruolo fondamentale nella creazione di una routine strutturata per i loro bambini.<\/p><p>Un sonno di qualit\u00e0 \u00e8 essenziale per la salute e lo sviluppo del bambino. Contribuisce alla consolidazione della memoria e al benessere generale, favorisce un&#8217;atmosfera serena all&#8217;interno della famiglia. Il sonno ininterrotto \u00e8 vitale sia per te che per i tuoi figli. I bambini ben riposati tendono ad essere pi\u00f9 sani, felici e meno irritabili.<\/p><p>Un ostacolo comune al sonno del bambino \u00e8 la dipendenza da &#8220;supporti al sonno&#8221; sviluppati durante le prime fasi della vita. Questi supporti, come l&#8217;allattamento o il dondolio per addormentarsi, possono ostacolare lo sviluppo delle abilit\u00e0 di sonno indipendenti. Riconoscere quando questi metodi non sono pi\u00f9 efficaci \u00e8 cruciale per decidere l&#8217;approccio adeguato al percorso del sonno.<\/p><p>Esistono varie metodologie per aiutare i bambini a sviluppare abitudini di sonno sane, e io sono qui per guidarti attraverso di esse.<\/p>\t\t\t\t\t\t\t\t<\/div>\n\t\t\t\t<\/div>\n\t\t\t\t\t<\/div>\n\t\t\t\t<\/div>\n\t\t\t\t<\/div>\n\t\t","protected":false},"excerpt":{"rendered":"<p>Il sonno \u00e8 personale Il tuo bambino ha delle abitudini di sonno uniche e una personalit\u00e0 propria. Tu hai il tuo stile genitoriale. La &#8220;magia&#8221; accade quando creiamo un approccio adatto al tuo bambino e con il quale tu ti senti bene come genitore. Il sonno \u00e8 salute Studio dopo studio ha dimostrato che una [&hellip;]<\/p>\n","protected":false},"author":1,"featured_media":0,"parent":0,"menu_order":0,"comment_status":"closed","ping_status":"closed","template":"","meta":{"footnotes":""},"class_list":["post-2526","page","type-page","status-publish","hentry"],"_links":{"self":[{"href":"https:\/\/gusleepconsulting.com\/it\/wp-json\/wp\/v2\/pages\/2526","targetHints":{"allow":["GET"]}}],"collection":[{"href":"https:\/\/gusleepconsulting.com\/it\/wp-json\/wp\/v2\/pages"}],"about":[{"href":"https:\/\/gusleepconsulting.com\/it\/wp-json\/wp\/v2\/types\/page"}],"author":[{"embeddable":true,"href":"https:\/\/gusleepconsulting.com\/it\/wp-json\/wp\/v2\/users\/1"}],"replies":[{"embeddable":true,"href":"https:\/\/gusleepconsulting.com\/it\/wp-json\/wp\/v2\/comments?post=2526"}],"version-history":[{"count":18,"href":"https:\/\/gusleepconsulting.com\/it\/wp-json\/wp\/v2\/pages\/2526\/revisions"}],"predecessor-version":[{"id":2544,"href":"https:\/\/gusleepconsulting.com\/it\/wp-json\/wp\/v2\/pages\/2526\/revisions\/2544"}],"wp:attachment":[{"href":"https:\/\/gusleepconsulting.com\/it\/wp-json\/wp\/v2\/media?parent=2526"}],"curies":[{"name":"wp","href":"https:\/\/api.w.org\/{rel}","templated":true}]}}