{"id":3553,"date":"2025-05-25T07:24:34","date_gmt":"2025-05-25T06:24:34","guid":{"rendered":"https:\/\/gusleepconsulting.com\/guide-des-reveils-precoces\/"},"modified":"2025-05-31T19:49:24","modified_gmt":"2025-05-31T18:49:24","slug":"guide-des-reveils-precoces","status":"publish","type":"page","link":"https:\/\/gusleepconsulting.com\/fr\/guide-des-reveils-precoces\/","title":{"rendered":"Guide des R\u00e9veils Pr\u00e9coces"},"content":{"rendered":"\t\t<div data-elementor-type=\"wp-page\" data-elementor-id=\"3553\" class=\"elementor elementor-3553 elementor-3236\" data-elementor-post-type=\"page\">\n\t\t\t\t<div class=\"elementor-element elementor-element-be55e0d e-flex e-con-boxed e-con e-parent\" data-id=\"be55e0d\" data-element_type=\"container\" data-e-type=\"container\">\n\t\t\t\t\t<div class=\"e-con-inner\">\n\t\t<div class=\"elementor-element elementor-element-ee6ebae e-con-full e-flex e-con e-child\" data-id=\"ee6ebae\" data-element_type=\"container\" data-e-type=\"container\">\n\t\t\t\t<div class=\"elementor-element elementor-element-3168a2a elementor-widget elementor-widget-heading\" data-id=\"3168a2a\" data-element_type=\"widget\" data-e-type=\"widget\" data-widget_type=\"heading.default\">\n\t\t\t\t<div class=\"elementor-widget-container\">\n\t\t\t\t\t<h3 class=\"elementor-heading-title elementor-size-default\">Votre enfant se r\u00e9veille trop t\u00f4t ? D\u00e9couvrez comment y rem\u00e9dier <\/h3>\t\t\t\t<\/div>\n\t\t\t\t<\/div>\n\t\t\t\t<div class=\"elementor-element elementor-element-cf0011e elementor-widget elementor-widget-text-editor\" data-id=\"cf0011e\" data-element_type=\"widget\" data-e-type=\"widget\" data-widget_type=\"text-editor.default\">\n\t\t\t\t<div class=\"elementor-widget-container\">\n\t\t\t\t\t\t\t\t\t<p>Si votre enfant se r\u00e9veille r\u00e9guli\u00e8rement avant <strong>6h30 du matin,<\/strong> vous savez \u00e0 quel point cela peut impacter toute la famille. Les r\u00e9veils matinaux peuvent entra\u00eener des journ\u00e9es plus longues, de la fatigue et des difficult\u00e9s \u00e0 g\u00e9rer la routine quotidienne. <\/p><p>Le <strong>Guide des R\u00e9veils Trop Matinaux<\/strong> a \u00e9t\u00e9 con\u00e7u pour vous aider \u00e0 comprendre les causes de ce probl\u00e8me et, surtout, \u00e0 le r\u00e9soudre efficacement.<\/p>\t\t\t\t\t\t\t\t<\/div>\n\t\t\t\t<\/div>\n\t\t\t\t<div class=\"elementor-element elementor-element-9422cea elementor-widget elementor-widget-text-editor\" data-id=\"9422cea\" data-element_type=\"widget\" data-e-type=\"widget\" data-widget_type=\"text-editor.default\">\n\t\t\t\t<div class=\"elementor-widget-container\">\n\t\t\t\t\t\t\t\t\t<p>\u00c0 qui s\u2019adresse ce guide ?<\/p>\t\t\t\t\t\t\t\t<\/div>\n\t\t\t\t<\/div>\n\t\t\t\t<div class=\"elementor-element elementor-element-2c6a9cc elementor-icon-list--layout-traditional elementor-list-item-link-full_width elementor-widget elementor-widget-icon-list\" data-id=\"2c6a9cc\" data-element_type=\"widget\" data-e-type=\"widget\" data-widget_type=\"icon-list.default\">\n\t\t\t\t<div class=\"elementor-widget-container\">\n\t\t\t\t\t\t\t<ul class=\"elementor-icon-list-items\">\n\t\t\t\t\t\t\t<li class=\"elementor-icon-list-item\">\n\t\t\t\t\t\t\t\t\t\t\t<span class=\"elementor-icon-list-icon\">\n\t\t\t\t\t\t\t<svg aria-hidden=\"true\" class=\"e-font-icon-svg e-fas-check\" viewBox=\"0 0 512 512\" xmlns=\"http:\/\/www.w3.org\/2000\/svg\"><path d=\"M173.898 439.404l-166.4-166.4c-9.997-9.997-9.997-26.206 0-36.204l36.203-36.204c9.997-9.998 26.207-9.998 36.204 0L192 312.69 432.095 72.596c9.997-9.997 26.207-9.997 36.204 0l36.203 36.204c9.997 9.997 9.997 26.206 0 36.204l-294.4 294.401c-9.998 9.997-26.207 9.997-36.204-.001z\"><\/path><\/svg>\t\t\t\t\t\t<\/span>\n\t\t\t\t\t\t\t\t\t\t<span class=\"elementor-icon-list-text\">Aux parents dont l\u2019enfant se r\u00e9veille syst\u00e9matiquement avant 6h30<\/span>\n\t\t\t\t\t\t\t\t\t<\/li>\n\t\t\t\t\t\t\t\t<li class=\"elementor-icon-list-item\">\n\t\t\t\t\t\t\t\t\t\t\t<span class=\"elementor-icon-list-icon\">\n\t\t\t\t\t\t\t<svg aria-hidden=\"true\" class=\"e-font-icon-svg e-fas-check\" viewBox=\"0 0 512 512\" xmlns=\"http:\/\/www.w3.org\/2000\/svg\"><path d=\"M173.898 439.404l-166.4-166.4c-9.997-9.997-9.997-26.206 0-36.204l36.203-36.204c9.997-9.998 26.207-9.998 36.204 0L192 312.69 432.095 72.596c9.997-9.997 26.207-9.997 36.204 0l36.203 36.204c9.997 9.997 9.997 26.206 0 36.204l-294.4 294.401c-9.998 9.997-26.207 9.997-36.204-.001z\"><\/path><\/svg>\t\t\t\t\t\t<\/span>\n\t\t\t\t\t\t\t\t\t\t<span class=\"elementor-icon-list-text\">Aux familles qui souhaitent am\u00e9liorer le sommeil de leur enfant sans stress<\/span>\n\t\t\t\t\t\t\t\t\t<\/li>\n\t\t\t\t\t\t\t\t<li class=\"elementor-icon-list-item\">\n\t\t\t\t\t\t\t\t\t\t\t<span class=\"elementor-icon-list-icon\">\n\t\t\t\t\t\t\t<svg aria-hidden=\"true\" class=\"e-font-icon-svg e-fas-check\" viewBox=\"0 0 512 512\" xmlns=\"http:\/\/www.w3.org\/2000\/svg\"><path d=\"M173.898 439.404l-166.4-166.4c-9.997-9.997-9.997-26.206 0-36.204l36.203-36.204c9.997-9.998 26.207-9.998 36.204 0L192 312.69 432.095 72.596c9.997-9.997 26.207-9.997 36.204 0l36.203 36.204c9.997 9.997 9.997 26.206 0 36.204l-294.4 294.401c-9.998 9.997-26.207 9.997-36.204-.001z\"><\/path><\/svg>\t\t\t\t\t\t<\/span>\n\t\t\t\t\t\t\t\t\t\t<span class=\"elementor-icon-list-text\">\u00c0 ceux qui recherchent des solutions pratiques et efficaces sans m\u00e9thodes radicales<\/span>\n\t\t\t\t\t\t\t\t\t<\/li>\n\t\t\t\t\t\t<\/ul>\n\t\t\t\t\t\t<\/div>\n\t\t\t\t<\/div>\n\t\t\t\t<div class=\"elementor-element elementor-element-fc9a35a elementor-widget elementor-widget-text-editor\" data-id=\"fc9a35a\" data-element_type=\"widget\" data-e-type=\"widget\" data-widget_type=\"text-editor.default\">\n\t\t\t\t<div class=\"elementor-widget-container\">\n\t\t\t\t\t\t\t\t\t<p>Que trouverez-vous dans ce guide ?<\/p>\t\t\t\t\t\t\t\t<\/div>\n\t\t\t\t<\/div>\n\t\t\t\t<div class=\"elementor-element elementor-element-4daceb3 elementor-icon-list--layout-traditional elementor-list-item-link-full_width elementor-widget elementor-widget-icon-list\" data-id=\"4daceb3\" data-element_type=\"widget\" data-e-type=\"widget\" data-widget_type=\"icon-list.default\">\n\t\t\t\t<div class=\"elementor-widget-container\">\n\t\t\t\t\t\t\t<ul class=\"elementor-icon-list-items\">\n\t\t\t\t\t\t\t<li class=\"elementor-icon-list-item\">\n\t\t\t\t\t\t\t\t\t\t\t<span class=\"elementor-icon-list-icon\">\n\t\t\t\t\t\t\t<svg aria-hidden=\"true\" class=\"e-font-icon-svg e-fas-check\" viewBox=\"0 0 512 512\" xmlns=\"http:\/\/www.w3.org\/2000\/svg\"><path d=\"M173.898 439.404l-166.4-166.4c-9.997-9.997-9.997-26.206 0-36.204l36.203-36.204c9.997-9.998 26.207-9.998 36.204 0L192 312.69 432.095 72.596c9.997-9.997 26.207-9.997 36.204 0l36.203 36.204c9.997 9.997 9.997 26.206 0 36.204l-294.4 294.401c-9.998 9.997-26.207 9.997-36.204-.001z\"><\/path><\/svg>\t\t\t\t\t\t<\/span>\n\t\t\t\t\t\t\t\t\t\t<span class=\"elementor-icon-list-text\">Des strat\u00e9gies bas\u00e9es sur des \u00e9tudes scientifiques pour repousser l\u2019heure du r\u00e9veil<\/span>\n\t\t\t\t\t\t\t\t\t<\/li>\n\t\t\t\t\t\t\t\t<li class=\"elementor-icon-list-item\">\n\t\t\t\t\t\t\t\t\t\t\t<span class=\"elementor-icon-list-icon\">\n\t\t\t\t\t\t\t<svg aria-hidden=\"true\" class=\"e-font-icon-svg e-fas-check\" viewBox=\"0 0 512 512\" xmlns=\"http:\/\/www.w3.org\/2000\/svg\"><path d=\"M173.898 439.404l-166.4-166.4c-9.997-9.997-9.997-26.206 0-36.204l36.203-36.204c9.997-9.998 26.207-9.998 36.204 0L192 312.69 432.095 72.596c9.997-9.997 26.207-9.997 36.204 0l36.203 36.204c9.997 9.997 9.997 26.206 0 36.204l-294.4 294.401c-9.998 9.997-26.207 9.997-36.204-.001z\"><\/path><\/svg>\t\t\t\t\t\t<\/span>\n\t\t\t\t\t\t\t\t\t\t<span class=\"elementor-icon-list-text\">Des exercices pratiques \u00e0 appliquer imm\u00e9diatement pour am\u00e9liorer le rythme veille-sommeil<\/span>\n\t\t\t\t\t\t\t\t\t<\/li>\n\t\t\t\t\t\t\t\t<li class=\"elementor-icon-list-item\">\n\t\t\t\t\t\t\t\t\t\t\t<span class=\"elementor-icon-list-icon\">\n\t\t\t\t\t\t\t<svg aria-hidden=\"true\" class=\"e-font-icon-svg e-fas-check\" viewBox=\"0 0 512 512\" xmlns=\"http:\/\/www.w3.org\/2000\/svg\"><path d=\"M173.898 439.404l-166.4-166.4c-9.997-9.997-9.997-26.206 0-36.204l36.203-36.204c9.997-9.998 26.207-9.998 36.204 0L192 312.69 432.095 72.596c9.997-9.997 26.207-9.997 36.204 0l36.203 36.204c9.997 9.997 9.997 26.206 0 36.204l-294.4 294.401c-9.998 9.997-26.207 9.997-36.204-.001z\"><\/path><\/svg>\t\t\t\t\t\t<\/span>\n\t\t\t\t\t\t\t\t\t\t<span class=\"elementor-icon-list-text\">Une m\u00e9thode structur\u00e9e qui s\u2019adapte aux besoins de votre famille<\/span>\n\t\t\t\t\t\t\t\t\t<\/li>\n\t\t\t\t\t\t<\/ul>\n\t\t\t\t\t\t<\/div>\n\t\t\t\t<\/div>\n\t\t\t\t<div class=\"elementor-element elementor-element-22afb07 elementor-widget elementor-widget-heading\" data-id=\"22afb07\" data-element_type=\"widget\" data-e-type=\"widget\" data-widget_type=\"heading.default\">\n\t\t\t\t<div class=\"elementor-widget-container\">\n\t\t\t\t\t<h3 class=\"elementor-heading-title elementor-size-default\">Investissez dans le sommeil de votre famille pour seulement 19\u20ac<\/h3>\t\t\t\t<\/div>\n\t\t\t\t<\/div>\n\t\t\t\t<div class=\"elementor-element elementor-element-5847f20 elementor-widget elementor-widget-text-editor\" data-id=\"5847f20\" data-element_type=\"widget\" data-e-type=\"widget\" data-widget_type=\"text-editor.default\">\n\t\t\t\t<div class=\"elementor-widget-container\">\n\t\t\t\t\t\t\t\t\t<p>\u00c0 un prix accessible, ce guide vous offre les outils n\u00e9cessaires pour r\u00e9soudre les r\u00e9veils pr\u00e9coces, permettant \u00e0 toute la famille de mieux dormir et de commencer la journ\u00e9e avec plus d\u2019\u00e9nergie.<\/p>\t\t\t\t\t\t\t\t<\/div>\n\t\t\t\t<\/div>\n\t\t\t\t<\/div>\n\t\t<div class=\"elementor-element elementor-element-07a7fe3 e-con-full e-flex e-con e-child\" data-id=\"07a7fe3\" data-element_type=\"container\" data-e-type=\"container\">\n\t\t\t\t<div class=\"elementor-element elementor-element-ceb9600 elementor-widget elementor-widget-image\" data-id=\"ceb9600\" data-element_type=\"widget\" data-e-type=\"widget\" data-widget_type=\"image.default\">\n\t\t\t\t<div class=\"elementor-widget-container\">\n\t\t\t\t\t\t\t\t\t\t\t\t\t\t\t<img fetchpriority=\"high\" decoding=\"async\" width=\"600\" height=\"900\" src=\"https:\/\/gusleepconsulting.com\/wp-content\/uploads\/2025\/05\/preventing-early-morning-waking-guide.avif\" class=\"attachment-large size-large wp-image-3257\" alt=\"Preventing Early Morning Waking A Guide for Parents\" srcset=\"https:\/\/gusleepconsulting.com\/wp-content\/uploads\/2025\/05\/preventing-early-morning-waking-guide.avif 600w, https:\/\/gusleepconsulting.com\/wp-content\/uploads\/2025\/05\/preventing-early-morning-waking-guide-200x300.avif 200w\" sizes=\"(max-width: 600px) 100vw, 600px\" \/>\t\t\t\t\t\t\t\t\t\t\t\t\t\t\t<\/div>\n\t\t\t\t<\/div>\n\t\t\t\t<div class=\"elementor-element elementor-element-3b652ca elementor-widget elementor-widget-text-editor\" data-id=\"3b652ca\" data-element_type=\"widget\" data-e-type=\"widget\" data-widget_type=\"text-editor.default\">\n\t\t\t\t<div class=\"elementor-widget-container\">\n\t\t\t\t\t\t\t\t\t<p>T\u00e9l\u00e9chargez-le d\u00e8s maintenant et profitez de matins plus sereins.<\/p>\t\t\t\t\t\t\t\t<\/div>\n\t\t\t\t<\/div>\n\t\t\t\t<div class=\"elementor-element elementor-element-b16fcdd elementor-widget__width-inherit elementor-widget elementor-widget-shortcode\" data-id=\"b16fcdd\" data-element_type=\"widget\" data-e-type=\"widget\" data-widget_type=\"shortcode.default\">\n\t\t\t\t<div class=\"elementor-widget-container\">\n\t\t\t\t\t\t\t<div class=\"elementor-shortcode\">        <div class=\"wpf_form_wrapper wpf_form_wrapper_3235\">\n                                                <style type=\"text\/css\">\n                .wpf_form_wrapper_3235 .wpf_form_control {\n    border-color: rgba(70, 97, 91, 0.56)!important;\n    border-radius: 2px!important;\n    font-family: \"Noto Sans\", Sans-serif!important;\n    font-size: 15px!important;\n    font-weight: 300!important;\n}\n.wpf_form_wrapper_3235 .wpf_submit_button {\n    background-color: #9fb9b3;\n    font-family: \"Roboto\",sans-serif;\n    font-size: 14px;\n    font-weight: 400;\n    text-transform: uppercase;\n    line-height: 1.1em;\n    letter-spacing: 0.4px;\n    border: 0px;\n    border-radius: 100px;\n    padding: 15px 25px;\n    color: #ffffff;\n    transition: background-color 0.3s;\n}\n.wpf_form_wrapper_3235 .wpf_submit_button:hover {\n    background-color: #b9d0ca;\n}\n.wpf_form_wrapper_3235 ::placeholder {\n  color: transparent;\n}\n.wpf_form_wrapper .wpf_input_label>label {\n    font-weight: 300!important;\n    color: #414141!important;\n}            <\/style>\n                        <form  data-wpf_form_id='3235' wpf_form_instance='wpf_form_instance_3235_1' class='wpf_form wpf_form_instance_3235_1 wpf_strip_default_style wpf_form_id_3235 wpf_label_top wpf_asterisk_left wpf_submit_button_pos_center wppayform_has_payment wpf_default_form_styles' method='POST' action='https:\/\/gusleepconsulting.com' id='wpf_form_id_3235' >\n                        <span style=\"display: none !important;\"><input type=\"checkbox\" name=\"item__3235__wppay_checkme_\" value=\"1\"\n                                                       style=\"display: none !important;\" tabindex=\"-1\"><\/span>\n                        <input type=\"hidden\" name=\"__wpf_form_id\" value=\"3235\" \/>\n                <input type=\"hidden\" name=\"__wpf_current_url\" value=\"https:\/\/gusleepconsulting.com\/fr\/wp-json\/wp\/v2\/pages\/3553\/\">\n                <input type=\"hidden\" name=\"__wpf_current_page_id\" value=\"3553\">\n                                    <div data-element_type=\"customer_name\"\n             class=\"wpf_form_group wpf_item_text\" style=\"display: block\">\n                        <div class=\"wpf_input_label\">\n                <label  for=\"wpf_input_3235_customer_name\" ><span class=\"wpf_required_sign wpf_required_sign_left\">*<\/span> Your Name<\/label>\n            <\/div>\n                    <div class=\"wpf_input_content\">\n                <input  data-required=\"yes\" data-type=\"input\" name=\"customer_name\" condition_id=\"customer_name\" placeholder=\"Name\" value=\"\" type=\"text\" class=\"wpf_form_control\" id=\"wpf_input_3235_customer_name\" required=\"1\"  \/>\n            <\/div>\n        <\/div>\n                <div data-element_type=\"customer_email\"\n             class=\"wpf_form_group wpf_item_email\" style=\"display: block\">\n                        <div class=\"wpf_input_label\">\n                <label  for=\"wpf_input_3235_customer_email\" ><span class=\"wpf_required_sign wpf_required_sign_left\">*<\/span> Email Address<\/label>\n            <\/div>\n                    <div class=\"wpf_input_content\">\n                <input  data-required=\"yes\" data-type=\"input\" name=\"customer_email\" condition_id=\"customer_email\" placeholder=\"Email Address\" value=\"\" type=\"email\" class=\"wpf_form_control wpf_customer_email\" id=\"wpf_input_3235_customer_email\" required=\"1\"  \/>\n            <\/div>\n        <\/div>\n                <div single-paymen-item=\"payment_item\" style=\"display : block\" class=\"\">\n                            <div  data-element_type=\"payment_item\" required_id=\"payment_item\" class=\"wpf_form_group wpf_item_payment_item\" >\n                    <div class=\"wpf_input_label wpf_single_amount_label\">\n                        Price: <span name=payment_item class=\"wpf_single_amount\">\u20ac19<\/span>\n                    <\/div>\n                <\/div>\n            <input customname=\"Price\" name=\"payment_item\" type=\"hidden\" class=\"wpf_payment_item\" data-price=\"1900\" value=\"19\" \/>        <\/div>\n    <div style=\"display:none !important; visibility: hidden !important;\"  data-checkout_style=\"stripe_checkout\" data-wpf_payment_method=\"stripe\" class=\"wpf_stripe_card_element\" data-verify_zip=\"no\" data-require_billing_info=\"no\"  class=\"wpf_stripe_checkout\"><\/div>                \n                \n                \n                <div class=\"wpf_form_group wpf_form_submissions\" style=\"margin-top: 20px;\">\n                    <button  id='stripe_form_submit_3235' disabled='1' class='wpf_submit_button ' >\n                        <span class=\"wpf_txt_normal\">Download<\/span>\n                        <span style=\"display: none;\" class=\"wpf_txt_loading\">\n                            Please Wait\u2026                        <\/span>\n                    <\/button>\n                    <div class=\"wpf_loading_svg\">\n                        <svg version=\"1.1\" id=\"loader-1\" xmlns=\"http:\/\/www.w3.org\/2000\/svg\" xmlns:xlink=\"http:\/\/www.w3.org\/1999\/xlink\" x=\"0px\" y=\"0px\" width=\"30px\" height=\"30px\" viewBox=\"0 0 40 40\" enable-background=\"new 0 0 40 40\" xml:space=\"preserve\">\n                            <path opacity=\"0.2\" fill=\"#000\" d=\"M20.201,5.169c-8.254,0-14.946,6.692-14.946,14.946c0,8.255,6.692,14.946,14.946,14.946 s14.946-6.691,14.946-14.946C35.146,11.861,28.455,5.169,20.201,5.169z M20.201,31.749c-6.425,0-11.634-5.208-11.634-11.634 c0-6.425,5.209-11.634,11.634-11.634c6.425,0,11.633,5.209,11.633,11.634C31.834,26.541,26.626,31.749,20.201,31.749z\" \/>\n                            <path fill=\"#000\" d=\"M26.013,10.047l1.654-2.866c-2.198-1.272-4.743-2.012-7.466-2.012h0v3.312h0 C22.32,8.481,24.301,9.057,26.013,10.047z\">\n                                <animateTransform attributeType=\"xml\" attributeName=\"transform\" type=\"rotate\" from=\"0 20 20\" to=\"360 20 20\" dur=\"0.5s\" repeatCount=\"indefinite\" \/>\n                            <\/path>\n                        <\/svg>\n                    <\/div>\n                <\/div>\n                            <\/form>\n                            <div style=\"display: none\" class=\"wpf_form_notices\"><\/div>\n                                            <\/div>\n\n        <\/div>\n\t\t\t\t\t\t<\/div>\n\t\t\t\t<\/div>\n\t\t\t\t<\/div>\n\t\t\t\t\t<\/div>\n\t\t\t\t<\/div>\n\t\t\t\t<\/div>\n\t\t","protected":false},"excerpt":{"rendered":"<p>Votre enfant se r\u00e9veille trop t\u00f4t ? D\u00e9couvrez comment y rem\u00e9dier Si votre enfant se r\u00e9veille r\u00e9guli\u00e8rement avant 6h30 du matin, vous savez \u00e0 quel point cela peut impacter toute la famille. Les r\u00e9veils matinaux peuvent entra\u00eener des journ\u00e9es plus longues, de la fatigue et des difficult\u00e9s \u00e0 g\u00e9rer la routine quotidienne. Le Guide des [&hellip;]<\/p>\n","protected":false},"author":1,"featured_media":0,"parent":0,"menu_order":0,"comment_status":"closed","ping_status":"closed","template":"","meta":{"footnotes":""},"class_list":["post-3553","page","type-page","status-publish","hentry"],"_links":{"self":[{"href":"https:\/\/gusleepconsulting.com\/fr\/wp-json\/wp\/v2\/pages\/3553","targetHints":{"allow":["GET"]}}],"collection":[{"href":"https:\/\/gusleepconsulting.com\/fr\/wp-json\/wp\/v2\/pages"}],"about":[{"href":"https:\/\/gusleepconsulting.com\/fr\/wp-json\/wp\/v2\/types\/page"}],"author":[{"embeddable":true,"href":"https:\/\/gusleepconsulting.com\/fr\/wp-json\/wp\/v2\/users\/1"}],"replies":[{"embeddable":true,"href":"https:\/\/gusleepconsulting.com\/fr\/wp-json\/wp\/v2\/comments?post=3553"}],"version-history":[{"count":2,"href":"https:\/\/gusleepconsulting.com\/fr\/wp-json\/wp\/v2\/pages\/3553\/revisions"}],"predecessor-version":[{"id":3555,"href":"https:\/\/gusleepconsulting.com\/fr\/wp-json\/wp\/v2\/pages\/3553\/revisions\/3555"}],"wp:attachment":[{"href":"https:\/\/gusleepconsulting.com\/fr\/wp-json\/wp\/v2\/media?parent=3553"}],"curies":[{"name":"wp","href":"https:\/\/api.w.org\/{rel}","templated":true}]}}