{"id":3441,"date":"2025-05-24T11:08:39","date_gmt":"2025-05-24T10:08:39","guid":{"rendered":"https:\/\/gusleepconsulting.com\/ressources-pour-les-parents\/"},"modified":"2025-05-31T20:04:14","modified_gmt":"2025-05-31T19:04:14","slug":"ressources-pour-les-parents","status":"publish","type":"page","link":"https:\/\/gusleepconsulting.com\/fr\/ressources-pour-les-parents\/","title":{"rendered":"Ressources pour les parents"},"content":{"rendered":"\t\t<div data-elementor-type=\"wp-page\" data-elementor-id=\"3441\" class=\"elementor elementor-3441 elementor-3035\" data-elementor-post-type=\"page\">\n\t\t\t\t<div class=\"elementor-element elementor-element-bf8f833 e-flex e-con-boxed e-con e-parent\" data-id=\"bf8f833\" data-element_type=\"container\" data-e-type=\"container\" data-settings=\"{&quot;background_background&quot;:&quot;classic&quot;}\">\n\t\t\t\t\t<div class=\"e-con-inner\">\n\t\t\t\t<div class=\"elementor-element elementor-element-7603130 elementor-widget elementor-widget-heading\" data-id=\"7603130\" data-element_type=\"widget\" data-e-type=\"widget\" data-widget_type=\"heading.default\">\n\t\t\t\t<div class=\"elementor-widget-container\">\n\t\t\t\t\t<h2 class=\"elementor-heading-title elementor-size-default\">Guides &amp; Ressources pour les Parents<\/h2>\t\t\t\t<\/div>\n\t\t\t\t<\/div>\n\t\t\t\t\t<\/div>\n\t\t\t\t<\/div>\n\t\t<div class=\"elementor-element elementor-element-3f7213c e-flex e-con-boxed e-con e-parent\" data-id=\"3f7213c\" data-element_type=\"container\" data-e-type=\"container\" data-settings=\"{&quot;background_background&quot;:&quot;classic&quot;}\">\n\t\t\t\t\t<div class=\"e-con-inner\">\n\t\t<div class=\"elementor-element elementor-element-85cff82 e-con-full e-flex e-con e-child\" data-id=\"85cff82\" data-element_type=\"container\" data-e-type=\"container\">\n\t\t\t\t<div class=\"elementor-element elementor-element-ae4de02 elementor-widget elementor-widget-text-editor\" data-id=\"ae4de02\" data-element_type=\"widget\" data-e-type=\"widget\" data-widget_type=\"text-editor.default\">\n\t\t\t\t<div class=\"elementor-widget-container\">\n\t\t\t\t\t\t\t\t\t<p>Vous cherchez des conseils d\u2019expert pour accompagner le sommeil de votre enfant ? T\u00e9l\u00e9chargez des ressources gratuites et premium, pratiques, con\u00e7ues pour vous aider \u00e0 surmonter les d\u00e9fis du sommeil en toute confiance. Des routines douces aux astuces pour r\u00e9soudre les probl\u00e8mes, ces guides sont l\u00e0 pour vous soutenir \u2014 pas de suppositions, juste une aide fiable, \u00e0 tout moment.  <\/p>\t\t\t\t\t\t\t\t<\/div>\n\t\t\t\t<\/div>\n\t\t\t\t<\/div>\n\t\t<div class=\"elementor-element elementor-element-0a07104 e-con-full e-flex e-con e-child\" data-id=\"0a07104\" data-element_type=\"container\" data-e-type=\"container\">\n\t\t\t\t<div class=\"elementor-element elementor-element-a812181 elementor-widget elementor-widget-image\" data-id=\"a812181\" data-element_type=\"widget\" data-e-type=\"widget\" data-widget_type=\"image.default\">\n\t\t\t\t<div class=\"elementor-widget-container\">\n\t\t\t\t\t\t\t\t\t\t\t\t\t\t\t<img fetchpriority=\"high\" decoding=\"async\" width=\"800\" height=\"558\" src=\"https:\/\/gusleepconsulting.com\/wp-content\/uploads\/2024\/02\/packages-main.jpg\" class=\"attachment-full size-full wp-image-2481\" alt=\"\" srcset=\"https:\/\/gusleepconsulting.com\/wp-content\/uploads\/2024\/02\/packages-main.jpg 800w, https:\/\/gusleepconsulting.com\/wp-content\/uploads\/2024\/02\/packages-main-300x209.jpg 300w, https:\/\/gusleepconsulting.com\/wp-content\/uploads\/2024\/02\/packages-main-768x536.jpg 768w\" sizes=\"(max-width: 800px) 100vw, 800px\" \/>\t\t\t\t\t\t\t\t\t\t\t\t\t\t\t<\/div>\n\t\t\t\t<\/div>\n\t\t\t\t<\/div>\n\t\t\t\t\t<\/div>\n\t\t\t\t<\/div>\n\t\t<div class=\"elementor-element elementor-element-5a711f5 e-flex e-con-boxed e-con e-parent\" data-id=\"5a711f5\" data-element_type=\"container\" data-e-type=\"container\">\n\t\t\t\t\t<div class=\"e-con-inner\">\n\t\t<div class=\"elementor-element elementor-element-e641554 e-con-full e-flex e-con e-child\" data-id=\"e641554\" data-element_type=\"container\" data-e-type=\"container\">\n\t\t\t\t<div class=\"elementor-element elementor-element-eb02224 elementor-widget elementor-widget-image\" data-id=\"eb02224\" data-element_type=\"widget\" data-e-type=\"widget\" data-widget_type=\"image.default\">\n\t\t\t\t<div class=\"elementor-widget-container\">\n\t\t\t\t\t\t\t\t\t\t\t\t\t\t\t\t<a href=\"https:\/\/gusleepconsulting.com\/fr\/guide-des-reveils-precoces\/\">\n\t\t\t\t\t\t\t<img decoding=\"async\" width=\"600\" height=\"900\" src=\"https:\/\/gusleepconsulting.com\/wp-content\/uploads\/2025\/05\/preventing-early-morning-waking-guide.avif\" class=\"attachment-large size-large wp-image-3257\" alt=\"Preventing Early Morning Waking A Guide for Parents\" srcset=\"https:\/\/gusleepconsulting.com\/wp-content\/uploads\/2025\/05\/preventing-early-morning-waking-guide.avif 600w, https:\/\/gusleepconsulting.com\/wp-content\/uploads\/2025\/05\/preventing-early-morning-waking-guide-200x300.avif 200w\" sizes=\"(max-width: 600px) 100vw, 600px\" \/>\t\t\t\t\t\t\t\t<\/a>\n\t\t\t\t\t\t\t\t\t\t\t\t\t\t\t<\/div>\n\t\t\t\t<\/div>\n\t\t\t\t<div class=\"elementor-element elementor-element-eb92db0 elementor-widget elementor-widget-heading\" data-id=\"eb92db0\" data-element_type=\"widget\" data-e-type=\"widget\" data-widget_type=\"heading.default\">\n\t\t\t\t<div class=\"elementor-widget-container\">\n\t\t\t\t\t<h3 class=\"elementor-heading-title elementor-size-default\"><a href=\"https:\/\/gusleepconsulting.com\/fr\/guide-des-reveils-precoces\/\">Guide des R\u00e9veils Pr\u00e9coces<\/a><\/h3>\t\t\t\t<\/div>\n\t\t\t\t<\/div>\n\t\t\t\t<div class=\"elementor-element elementor-element-36ee99f elementor-widget elementor-widget-text-editor\" data-id=\"36ee99f\" data-element_type=\"widget\" data-e-type=\"widget\" data-widget_type=\"text-editor.default\">\n\t\t\t\t<div class=\"elementor-widget-container\">\n\t\t\t\t\t\t\t\t\t<p>PRIX : 19 \u20ac<\/p>\t\t\t\t\t\t\t\t<\/div>\n\t\t\t\t<\/div>\n\t\t\t\t<div class=\"elementor-element elementor-element-d5020fc elementor-widget elementor-widget-text-editor\" data-id=\"d5020fc\" data-element_type=\"widget\" data-e-type=\"widget\" data-widget_type=\"text-editor.default\">\n\t\t\t\t<div class=\"elementor-widget-container\">\n\t\t\t\t\t\t\t\t\t<p>Votre enfant se r\u00e9veille-t-il trop t\u00f4t ? Ce guide explique pourquoi et propose des solutions concr\u00e8tes pour l\u2019aider \u00e0 dormir plus longtemps. <\/p>\t\t\t\t\t\t\t\t<\/div>\n\t\t\t\t<\/div>\n\t\t\t\t<div class=\"elementor-element elementor-element-f5a56a8 elementor-widget elementor-widget-button\" data-id=\"f5a56a8\" data-element_type=\"widget\" data-e-type=\"widget\" data-widget_type=\"button.default\">\n\t\t\t\t<div class=\"elementor-widget-container\">\n\t\t\t\t\t\t\t\t\t<div class=\"elementor-button-wrapper\">\n\t\t\t\t\t<a class=\"elementor-button elementor-button-link elementor-size-sm\" href=\"https:\/\/gusleepconsulting.com\/fr\/guide-des-reveils-precoces\/\">\n\t\t\t\t\t\t<span class=\"elementor-button-content-wrapper\">\n\t\t\t\t\t\t\t\t\t<span class=\"elementor-button-text\">Download<\/span>\n\t\t\t\t\t<\/span>\n\t\t\t\t\t<\/a>\n\t\t\t\t<\/div>\n\t\t\t\t\t\t\t\t<\/div>\n\t\t\t\t<\/div>\n\t\t\t\t<\/div>\n\t\t<div class=\"elementor-element elementor-element-68827d6 e-con-full e-flex e-con e-child\" data-id=\"68827d6\" data-element_type=\"container\" data-e-type=\"container\">\n\t\t\t\t<\/div>\n\t\t<div class=\"elementor-element elementor-element-9a06bbc e-con-full e-flex e-con e-child\" data-id=\"9a06bbc\" data-element_type=\"container\" data-e-type=\"container\">\n\t\t\t\t<\/div>\n\t\t\t\t\t<\/div>\n\t\t\t\t<\/div>\n\t\t\t\t<\/div>\n\t\t","protected":false},"excerpt":{"rendered":"<p>Guides &amp; Ressources pour les Parents Vous cherchez des conseils d\u2019expert pour accompagner le sommeil de votre enfant ? T\u00e9l\u00e9chargez des ressources gratuites et premium, pratiques, con\u00e7ues pour vous aider \u00e0 surmonter les d\u00e9fis du sommeil en toute confiance. Des routines douces aux astuces pour r\u00e9soudre les probl\u00e8mes, ces guides sont l\u00e0 pour vous soutenir [&hellip;]<\/p>\n","protected":false},"author":1,"featured_media":0,"parent":0,"menu_order":0,"comment_status":"closed","ping_status":"closed","template":"","meta":{"footnotes":""},"class_list":["post-3441","page","type-page","status-publish","hentry"],"_links":{"self":[{"href":"https:\/\/gusleepconsulting.com\/fr\/wp-json\/wp\/v2\/pages\/3441","targetHints":{"allow":["GET"]}}],"collection":[{"href":"https:\/\/gusleepconsulting.com\/fr\/wp-json\/wp\/v2\/pages"}],"about":[{"href":"https:\/\/gusleepconsulting.com\/fr\/wp-json\/wp\/v2\/types\/page"}],"author":[{"embeddable":true,"href":"https:\/\/gusleepconsulting.com\/fr\/wp-json\/wp\/v2\/users\/1"}],"replies":[{"embeddable":true,"href":"https:\/\/gusleepconsulting.com\/fr\/wp-json\/wp\/v2\/comments?post=3441"}],"version-history":[{"count":12,"href":"https:\/\/gusleepconsulting.com\/fr\/wp-json\/wp\/v2\/pages\/3441\/revisions"}],"predecessor-version":[{"id":3566,"href":"https:\/\/gusleepconsulting.com\/fr\/wp-json\/wp\/v2\/pages\/3441\/revisions\/3566"}],"wp:attachment":[{"href":"https:\/\/gusleepconsulting.com\/fr\/wp-json\/wp\/v2\/media?parent=3441"}],"curies":[{"name":"wp","href":"https:\/\/api.w.org\/{rel}","templated":true}]}}