{"id":2697,"date":"2024-02-14T17:46:02","date_gmt":"2024-02-14T16:46:02","guid":{"rendered":"https:\/\/gusleepconsulting.com\/blog\/"},"modified":"2024-03-08T21:00:18","modified_gmt":"2024-03-08T20:00:18","slug":"blog","status":"publish","type":"page","link":"https:\/\/gusleepconsulting.com\/fr\/blog\/","title":{"rendered":"Blog"},"content":{"rendered":"\t\t<div data-elementor-type=\"wp-page\" data-elementor-id=\"2697\" class=\"elementor elementor-2697 elementor-34\" data-elementor-post-type=\"page\">\n\t\t\t\t<div class=\"elementor-element elementor-element-5e6e11a e-flex e-con-boxed e-con e-parent\" data-id=\"5e6e11a\" data-element_type=\"container\" data-e-type=\"container\" data-settings=\"{&quot;background_background&quot;:&quot;classic&quot;}\">\n\t\t\t\t\t<div class=\"e-con-inner\">\n\t\t\t\t<div class=\"elementor-element elementor-element-70d1cfb elementor-widget elementor-widget-heading\" data-id=\"70d1cfb\" data-element_type=\"widget\" data-e-type=\"widget\" data-widget_type=\"heading.default\">\n\t\t\t\t<div class=\"elementor-widget-container\">\n\t\t\t\t\t<h2 class=\"elementor-heading-title elementor-size-default\">Blog<\/h2>\t\t\t\t<\/div>\n\t\t\t\t<\/div>\n\t\t\t\t<div class=\"elementor-element elementor-element-005f08a elementor-widget elementor-widget-text-editor\" data-id=\"005f08a\" data-element_type=\"widget\" data-e-type=\"widget\" data-widget_type=\"text-editor.default\">\n\t\t\t\t<div class=\"elementor-widget-container\">\n\t\t\t\t\t\t\t\t\t<p>Informations Essentielles pour des Parents \u00c9puis\u00e9s<\/p>\n\t\t\t\t\t\t\t\t<\/div>\n\t\t\t\t<\/div>\n\t\t\t\t\t<\/div>\n\t\t\t\t<\/div>\n\t\t<div class=\"elementor-element elementor-element-b5cc351 e-flex e-con-boxed e-con e-parent\" data-id=\"b5cc351\" data-element_type=\"container\" data-e-type=\"container\" data-settings=\"{&quot;background_background&quot;:&quot;classic&quot;}\">\n\t\t\t\t\t<div class=\"e-con-inner\">\n\t\t\t\t<div class=\"elementor-element elementor-element-9a8a3ed elementor-posts__hover-none elementor-grid-3 elementor-grid-tablet-2 elementor-grid-mobile-1 elementor-posts--thumbnail-top elementor-widget elementor-widget-posts\" data-id=\"9a8a3ed\" data-element_type=\"widget\" data-e-type=\"widget\" data-settings=\"{&quot;cards_row_gap&quot;:{&quot;unit&quot;:&quot;px&quot;,&quot;size&quot;:30,&quot;sizes&quot;:[]},&quot;cards_columns&quot;:&quot;3&quot;,&quot;cards_columns_tablet&quot;:&quot;2&quot;,&quot;cards_columns_mobile&quot;:&quot;1&quot;,&quot;cards_row_gap_tablet&quot;:{&quot;unit&quot;:&quot;px&quot;,&quot;size&quot;:&quot;&quot;,&quot;sizes&quot;:[]},&quot;cards_row_gap_mobile&quot;:{&quot;unit&quot;:&quot;px&quot;,&quot;size&quot;:&quot;&quot;,&quot;sizes&quot;:[]}}\" data-widget_type=\"posts.cards\">\n\t\t\t\t<div class=\"elementor-widget-container\">\n\t\t\t\t\t\t\t<div class=\"elementor-posts-container elementor-posts elementor-posts--skin-cards elementor-grid\" role=\"list\">\n\t\t\t\t<article class=\"elementor-post elementor-grid-item post-3606 post type-post status-publish format-standard has-post-thumbnail hentry category-non-classifiee\" role=\"listitem\">\n\t\t\t<div class=\"elementor-post__card\">\n\t\t\t\t<a class=\"elementor-post__thumbnail__link\" href=\"https:\/\/gusleepconsulting.com\/fr\/aider-les-enfants-en-age-scolaire-a-gerer-lanxiete-du-coucher-5-strategies-douces-et-efficaces\/\" tabindex=\"-1\" ><div class=\"elementor-post__thumbnail\"><img fetchpriority=\"high\" decoding=\"async\" width=\"2560\" height=\"1707\" src=\"https:\/\/gusleepconsulting.com\/wp-content\/uploads\/2025\/06\/gros-plan-sur-le-portrait-d-un-garcon-triste-scaled.jpg\" class=\"attachment-full size-full wp-image-3603\" alt=\"\" srcset=\"https:\/\/gusleepconsulting.com\/wp-content\/uploads\/2025\/06\/gros-plan-sur-le-portrait-d-un-garcon-triste-scaled.jpg 2560w, https:\/\/gusleepconsulting.com\/wp-content\/uploads\/2025\/06\/gros-plan-sur-le-portrait-d-un-garcon-triste-300x200.jpg 300w, https:\/\/gusleepconsulting.com\/wp-content\/uploads\/2025\/06\/gros-plan-sur-le-portrait-d-un-garcon-triste-1024x683.jpg 1024w, https:\/\/gusleepconsulting.com\/wp-content\/uploads\/2025\/06\/gros-plan-sur-le-portrait-d-un-garcon-triste-768x512.jpg 768w, https:\/\/gusleepconsulting.com\/wp-content\/uploads\/2025\/06\/gros-plan-sur-le-portrait-d-un-garcon-triste-1536x1024.jpg 1536w, https:\/\/gusleepconsulting.com\/wp-content\/uploads\/2025\/06\/gros-plan-sur-le-portrait-d-un-garcon-triste-2048x1365.jpg 2048w\" sizes=\"(max-width: 2560px) 100vw, 2560px\" \/><\/div><\/a>\n\t\t\t\t<div class=\"elementor-post__text\">\n\t\t\t\t<h3 class=\"elementor-post__title\">\n\t\t\t<a href=\"https:\/\/gusleepconsulting.com\/fr\/aider-les-enfants-en-age-scolaire-a-gerer-lanxiete-du-coucher-5-strategies-douces-et-efficaces\/\" >\n\t\t\t\tAider les enfants en \u00e2ge scolaire \u00e0 g\u00e9rer l\u2019anxi\u00e9t\u00e9 du coucher : 5 strat\u00e9gies douces et efficaces\t\t\t<\/a>\n\t\t<\/h3>\n\t\t\t\t<div class=\"elementor-post__excerpt\">\n\t\t\t<p>Tu as un enfant entre 5 et 12 ans qui a du mal \u00e0 s\u2019endormir seul, ou qui veut que<\/p>\n\t\t<\/div>\n\t\t\t\t<\/div>\n\t\t\t\t\t<\/div>\n\t\t<\/article>\n\t\t\t\t<article class=\"elementor-post elementor-grid-item post-3010 post type-post status-publish format-standard has-post-thumbnail hentry category-non-classifiee\" role=\"listitem\">\n\t\t\t<div class=\"elementor-post__card\">\n\t\t\t\t<a class=\"elementor-post__thumbnail__link\" href=\"https:\/\/gusleepconsulting.com\/fr\/le-lien-surprenant-entre-le-fer-et-le-sommeil-chez-les-enfants\/\" tabindex=\"-1\" ><div class=\"elementor-post__thumbnail\"><img decoding=\"async\" width=\"2560\" height=\"1707\" src=\"https:\/\/gusleepconsulting.com\/wp-content\/uploads\/2025\/01\/Sleep-Sense-Images064-scaled.jpg\" class=\"attachment-full size-full wp-image-3008\" alt=\"\" srcset=\"https:\/\/gusleepconsulting.com\/wp-content\/uploads\/2025\/01\/Sleep-Sense-Images064-scaled.jpg 2560w, https:\/\/gusleepconsulting.com\/wp-content\/uploads\/2025\/01\/Sleep-Sense-Images064-300x200.jpg 300w, https:\/\/gusleepconsulting.com\/wp-content\/uploads\/2025\/01\/Sleep-Sense-Images064-1024x683.jpg 1024w, https:\/\/gusleepconsulting.com\/wp-content\/uploads\/2025\/01\/Sleep-Sense-Images064-768x512.jpg 768w, https:\/\/gusleepconsulting.com\/wp-content\/uploads\/2025\/01\/Sleep-Sense-Images064-1536x1024.jpg 1536w, https:\/\/gusleepconsulting.com\/wp-content\/uploads\/2025\/01\/Sleep-Sense-Images064-2048x1365.jpg 2048w\" sizes=\"(max-width: 2560px) 100vw, 2560px\" \/><\/div><\/a>\n\t\t\t\t<div class=\"elementor-post__text\">\n\t\t\t\t<h3 class=\"elementor-post__title\">\n\t\t\t<a href=\"https:\/\/gusleepconsulting.com\/fr\/le-lien-surprenant-entre-le-fer-et-le-sommeil-chez-les-enfants\/\" >\n\t\t\t\tLe lien surprenant entre le fer et le sommeil chez les enfants\t\t\t<\/a>\n\t\t<\/h3>\n\t\t\t\t<div class=\"elementor-post__excerpt\">\n\t\t\t<p>Lorsque nous pensons \u00e0 assurer un sommeil de qualit\u00e9 aux enfants, nous nous concentrons souvent sur les routines du coucher,<\/p>\n\t\t<\/div>\n\t\t\t\t<\/div>\n\t\t\t\t\t<\/div>\n\t\t<\/article>\n\t\t\t\t<article class=\"elementor-post elementor-grid-item post-2988 post type-post status-publish format-standard has-post-thumbnail hentry category-non-classifiee tag-bebe tag-enfants tag-fatigue tag-noel tag-sommeil tag-sommeilbebe tag-sommeildesenfants tag-vacances\" role=\"listitem\">\n\t\t\t<div class=\"elementor-post__card\">\n\t\t\t\t<a class=\"elementor-post__thumbnail__link\" href=\"https:\/\/gusleepconsulting.com\/fr\/maintenir-de-saines-habitudes-de-sommeil-pendant-les-fetes-conseils-pour-les-parents\/\" tabindex=\"-1\" ><div class=\"elementor-post__thumbnail\"><img decoding=\"async\" width=\"1707\" height=\"2560\" src=\"https:\/\/gusleepconsulting.com\/wp-content\/uploads\/2024\/12\/Sleep-Sense-Images062-scaled.jpg\" class=\"attachment-full size-full wp-image-2984\" alt=\"\" srcset=\"https:\/\/gusleepconsulting.com\/wp-content\/uploads\/2024\/12\/Sleep-Sense-Images062-scaled.jpg 1707w, https:\/\/gusleepconsulting.com\/wp-content\/uploads\/2024\/12\/Sleep-Sense-Images062-200x300.jpg 200w, https:\/\/gusleepconsulting.com\/wp-content\/uploads\/2024\/12\/Sleep-Sense-Images062-683x1024.jpg 683w, https:\/\/gusleepconsulting.com\/wp-content\/uploads\/2024\/12\/Sleep-Sense-Images062-768x1152.jpg 768w, https:\/\/gusleepconsulting.com\/wp-content\/uploads\/2024\/12\/Sleep-Sense-Images062-1024x1536.jpg 1024w, https:\/\/gusleepconsulting.com\/wp-content\/uploads\/2024\/12\/Sleep-Sense-Images062-1365x2048.jpg 1365w\" sizes=\"(max-width: 1707px) 100vw, 1707px\" \/><\/div><\/a>\n\t\t\t\t<div class=\"elementor-post__text\">\n\t\t\t\t<h3 class=\"elementor-post__title\">\n\t\t\t<a href=\"https:\/\/gusleepconsulting.com\/fr\/maintenir-de-saines-habitudes-de-sommeil-pendant-les-fetes-conseils-pour-les-parents\/\" >\n\t\t\t\tMaintenir de Saines Habitudes de Sommeil Pendant les F\u00eates : Conseils pour les Parents\t\t\t<\/a>\n\t\t<\/h3>\n\t\t\t\t<div class=\"elementor-post__excerpt\">\n\t\t\t<p>Des F\u00eates en Toute S\u00e9r\u00e9nit\u00e9 : Conseils de Giulia, Consultante Certifi\u00e9e en Sommeil pour les Enfants de 0 \u00e0 6<\/p>\n\t\t<\/div>\n\t\t\t\t<\/div>\n\t\t\t\t\t<\/div>\n\t\t<\/article>\n\t\t\t\t<article class=\"elementor-post elementor-grid-item post-2730 post type-post status-publish format-standard has-post-thumbnail hentry category-non-classifiee\" role=\"listitem\">\n\t\t\t<div class=\"elementor-post__card\">\n\t\t\t\t<a class=\"elementor-post__thumbnail__link\" href=\"https:\/\/gusleepconsulting.com\/fr\/creer-la-chambre-parfaite-pour-votre-enfant\/\" tabindex=\"-1\" ><div class=\"elementor-post__thumbnail\"><img loading=\"lazy\" decoding=\"async\" width=\"1100\" height=\"733\" src=\"https:\/\/gusleepconsulting.com\/wp-content\/uploads\/2024\/02\/creating-the-perfect-nursery.webp\" class=\"attachment-full size-full wp-image-2471\" alt=\"\" srcset=\"https:\/\/gusleepconsulting.com\/wp-content\/uploads\/2024\/02\/creating-the-perfect-nursery.webp 1100w, https:\/\/gusleepconsulting.com\/wp-content\/uploads\/2024\/02\/creating-the-perfect-nursery-300x200.webp 300w, https:\/\/gusleepconsulting.com\/wp-content\/uploads\/2024\/02\/creating-the-perfect-nursery-1024x682.webp 1024w, https:\/\/gusleepconsulting.com\/wp-content\/uploads\/2024\/02\/creating-the-perfect-nursery-768x512.webp 768w\" sizes=\"(max-width: 1100px) 100vw, 1100px\" \/><\/div><\/a>\n\t\t\t\t<div class=\"elementor-post__text\">\n\t\t\t\t<h3 class=\"elementor-post__title\">\n\t\t\t<a href=\"https:\/\/gusleepconsulting.com\/fr\/creer-la-chambre-parfaite-pour-votre-enfant\/\" >\n\t\t\t\tCr\u00e9er la chambre parfaite pour votre enfant\t\t\t<\/a>\n\t\t<\/h3>\n\t\t\t\t<div class=\"elementor-post__excerpt\">\n\t\t\t<p>Quand tu es tomb\u00e9e enceinte, combien de temps a-t-il fallu avant que tu commences \u00e0 visualiser \u00e0 quoi ressemblerait la<\/p>\n\t\t<\/div>\n\t\t\t\t<\/div>\n\t\t\t\t\t<\/div>\n\t\t<\/article>\n\t\t\t\t<article class=\"elementor-post elementor-grid-item post-2739 post type-post status-publish format-standard has-post-thumbnail hentry category-non-classifiee\" role=\"listitem\">\n\t\t\t<div class=\"elementor-post__card\">\n\t\t\t\t<a class=\"elementor-post__thumbnail__link\" href=\"https:\/\/gusleepconsulting.com\/fr\/passage-du-lit-a-barreaux-au-lit-de-grand-enfant-ou-lit-au-sol\/\" tabindex=\"-1\" ><div class=\"elementor-post__thumbnail\"><img loading=\"lazy\" decoding=\"async\" width=\"1100\" height=\"733\" src=\"https:\/\/gusleepconsulting.com\/wp-content\/uploads\/2024\/02\/switching-to-a-big-kid-bed.webp\" class=\"attachment-full size-full wp-image-2475\" alt=\"\" srcset=\"https:\/\/gusleepconsulting.com\/wp-content\/uploads\/2024\/02\/switching-to-a-big-kid-bed.webp 1100w, https:\/\/gusleepconsulting.com\/wp-content\/uploads\/2024\/02\/switching-to-a-big-kid-bed-300x200.webp 300w, https:\/\/gusleepconsulting.com\/wp-content\/uploads\/2024\/02\/switching-to-a-big-kid-bed-1024x682.webp 1024w, https:\/\/gusleepconsulting.com\/wp-content\/uploads\/2024\/02\/switching-to-a-big-kid-bed-768x512.webp 768w\" sizes=\"(max-width: 1100px) 100vw, 1100px\" \/><\/div><\/a>\n\t\t\t\t<div class=\"elementor-post__text\">\n\t\t\t\t<h3 class=\"elementor-post__title\">\n\t\t\t<a href=\"https:\/\/gusleepconsulting.com\/fr\/passage-du-lit-a-barreaux-au-lit-de-grand-enfant-ou-lit-au-sol\/\" >\n\t\t\t\tPassage du lit \u00e0 barreaux au lit de grand enfant ou lit au sol\t\t\t<\/a>\n\t\t<\/h3>\n\t\t\t\t<div class=\"elementor-post__excerpt\">\n\t\t\t<p>Deux des questions les plus courantes que l&rsquo;on me pose en tant que consultante en sommeil pediatrique sont : \u00ab\u00a0Quand<\/p>\n\t\t<\/div>\n\t\t\t\t<\/div>\n\t\t\t\t\t<\/div>\n\t\t<\/article>\n\t\t\t\t<article class=\"elementor-post elementor-grid-item post-2744 post type-post status-publish format-standard has-post-thumbnail hentry category-non-classifiee\" role=\"listitem\">\n\t\t\t<div class=\"elementor-post__card\">\n\t\t\t\t<a class=\"elementor-post__thumbnail__link\" href=\"https:\/\/gusleepconsulting.com\/fr\/comment-passer-a-une-seule-sieste\/\" tabindex=\"-1\" ><div class=\"elementor-post__thumbnail\"><img loading=\"lazy\" decoding=\"async\" width=\"1100\" height=\"733\" src=\"https:\/\/gusleepconsulting.com\/wp-content\/uploads\/2024\/02\/how-to-drop-to-one-nap.webp\" class=\"attachment-full size-full wp-image-2473\" alt=\"\" srcset=\"https:\/\/gusleepconsulting.com\/wp-content\/uploads\/2024\/02\/how-to-drop-to-one-nap.webp 1100w, https:\/\/gusleepconsulting.com\/wp-content\/uploads\/2024\/02\/how-to-drop-to-one-nap-300x200.webp 300w, https:\/\/gusleepconsulting.com\/wp-content\/uploads\/2024\/02\/how-to-drop-to-one-nap-1024x682.webp 1024w, https:\/\/gusleepconsulting.com\/wp-content\/uploads\/2024\/02\/how-to-drop-to-one-nap-768x512.webp 768w\" sizes=\"(max-width: 1100px) 100vw, 1100px\" \/><\/div><\/a>\n\t\t\t\t<div class=\"elementor-post__text\">\n\t\t\t\t<h3 class=\"elementor-post__title\">\n\t\t\t<a href=\"https:\/\/gusleepconsulting.com\/fr\/comment-passer-a-une-seule-sieste\/\" >\n\t\t\t\tComment passer \u00e0 une seule sieste\t\t\t<\/a>\n\t\t<\/h3>\n\t\t\t\t<div class=\"elementor-post__excerpt\">\n\t\t\t<p>L&rsquo;une des transitions les plus agr\u00e9ables que j&rsquo;ai v\u00e9cues avec ma deuxi\u00e8me enfant a \u00e9t\u00e9 lorsque nous avons d\u00e9cid\u00e9 de<\/p>\n\t\t<\/div>\n\t\t\t\t<\/div>\n\t\t\t\t\t<\/div>\n\t\t<\/article>\n\t\t\t\t<\/div>\n\t\t\n\t\t\t\t\t\t<\/div>\n\t\t\t\t<\/div>\n\t\t\t\t\t<\/div>\n\t\t\t\t<\/div>\n\t\t\t\t<\/div>\n\t\t","protected":false},"excerpt":{"rendered":"<p>Blog Informations Essentielles pour des Parents \u00c9puis\u00e9s<\/p>\n","protected":false},"author":1,"featured_media":0,"parent":0,"menu_order":0,"comment_status":"closed","ping_status":"closed","template":"","meta":{"footnotes":""},"class_list":["post-2697","page","type-page","status-publish","hentry"],"_links":{"self":[{"href":"https:\/\/gusleepconsulting.com\/fr\/wp-json\/wp\/v2\/pages\/2697","targetHints":{"allow":["GET"]}}],"collection":[{"href":"https:\/\/gusleepconsulting.com\/fr\/wp-json\/wp\/v2\/pages"}],"about":[{"href":"https:\/\/gusleepconsulting.com\/fr\/wp-json\/wp\/v2\/types\/page"}],"author":[{"embeddable":true,"href":"https:\/\/gusleepconsulting.com\/fr\/wp-json\/wp\/v2\/users\/1"}],"replies":[{"embeddable":true,"href":"https:\/\/gusleepconsulting.com\/fr\/wp-json\/wp\/v2\/comments?post=2697"}],"version-history":[{"count":3,"href":"https:\/\/gusleepconsulting.com\/fr\/wp-json\/wp\/v2\/pages\/2697\/revisions"}],"predecessor-version":[{"id":2700,"href":"https:\/\/gusleepconsulting.com\/fr\/wp-json\/wp\/v2\/pages\/2697\/revisions\/2700"}],"wp:attachment":[{"href":"https:\/\/gusleepconsulting.com\/fr\/wp-json\/wp\/v2\/media?parent=2697"}],"curies":[{"name":"wp","href":"https:\/\/api.w.org\/{rel}","templated":true}]}}