{"id":2640,"date":"2024-02-14T17:44:34","date_gmt":"2024-02-14T16:44:34","guid":{"rendered":"https:\/\/gusleepconsulting.com\/approche\/"},"modified":"2024-03-08T20:37:31","modified_gmt":"2024-03-08T19:37:31","slug":"approche","status":"publish","type":"page","link":"https:\/\/gusleepconsulting.com\/fr\/approche\/","title":{"rendered":"Approche"},"content":{"rendered":"\t\t<div data-elementor-type=\"wp-page\" data-elementor-id=\"2640\" class=\"elementor elementor-2640 elementor-26\" data-elementor-post-type=\"page\">\n\t\t\t\t<div class=\"elementor-element elementor-element-2232f62 e-flex e-con-boxed e-con e-parent\" data-id=\"2232f62\" data-element_type=\"container\" data-e-type=\"container\">\n\t\t\t\t\t<div class=\"e-con-inner\">\n\t\t<div class=\"elementor-element elementor-element-2b7fcf6 e-con-full e-flex e-con e-child\" data-id=\"2b7fcf6\" data-element_type=\"container\" data-e-type=\"container\">\n\t\t\t\t<div class=\"elementor-element elementor-element-7a44f26 elementor-widget elementor-widget-image\" data-id=\"7a44f26\" data-element_type=\"widget\" data-e-type=\"widget\" data-widget_type=\"image.default\">\n\t\t\t\t<div class=\"elementor-widget-container\">\n\t\t\t\t\t\t\t\t\t\t\t\t\t\t\t<img fetchpriority=\"high\" decoding=\"async\" width=\"800\" height=\"558\" src=\"https:\/\/gusleepconsulting.com\/wp-content\/uploads\/2024\/02\/personal-gfx-1.jpg\" class=\"attachment-full size-full wp-image-2469\" alt=\"\" srcset=\"https:\/\/gusleepconsulting.com\/wp-content\/uploads\/2024\/02\/personal-gfx-1.jpg 800w, https:\/\/gusleepconsulting.com\/wp-content\/uploads\/2024\/02\/personal-gfx-1-300x209.jpg 300w, https:\/\/gusleepconsulting.com\/wp-content\/uploads\/2024\/02\/personal-gfx-1-768x536.jpg 768w\" sizes=\"(max-width: 800px) 100vw, 800px\" \/>\t\t\t\t\t\t\t\t\t\t\t\t\t\t\t<\/div>\n\t\t\t\t<\/div>\n\t\t\t\t<\/div>\n\t\t<div class=\"elementor-element elementor-element-3143007 e-con-full e-flex e-con e-child\" data-id=\"3143007\" data-element_type=\"container\" data-e-type=\"container\">\n\t\t\t\t<div class=\"elementor-element elementor-element-c50f171 elementor-widget elementor-widget-heading\" data-id=\"c50f171\" data-element_type=\"widget\" data-e-type=\"widget\" data-widget_type=\"heading.default\">\n\t\t\t\t<div class=\"elementor-widget-container\">\n\t\t\t\t\t<h2 class=\"elementor-heading-title elementor-size-default\">Le sommeil est personnel<\/h2>\t\t\t\t<\/div>\n\t\t\t\t<\/div>\n\t\t\t\t<div class=\"elementor-element elementor-element-783584c elementor-widget elementor-widget-text-editor\" data-id=\"783584c\" data-element_type=\"widget\" data-e-type=\"widget\" data-widget_type=\"text-editor.default\">\n\t\t\t\t<div class=\"elementor-widget-container\">\n\t\t\t\t\t\t\t\t\t<p>Votre enfant a des habitudes de sommeil uniques et une personnalit\u00e9 propre. Vous avez votre propre style parental. La \u00ab\u00a0magie\u00a0\u00bb op\u00e8re lorsque nous cr\u00e9ons une approche adapt\u00e9e \u00e0 votre enfant et avec laquelle vous vous sentez \u00e0 l&rsquo;aise en tant que parent.<\/p>\t\t\t\t\t\t\t\t<\/div>\n\t\t\t\t<\/div>\n\t\t\t\t<\/div>\n\t\t\t\t\t<\/div>\n\t\t\t\t<\/div>\n\t\t<div class=\"elementor-element elementor-element-dd97de7 e-flex e-con-boxed e-con e-parent\" data-id=\"dd97de7\" data-element_type=\"container\" data-e-type=\"container\" data-settings=\"{&quot;background_background&quot;:&quot;classic&quot;}\">\n\t\t\t\t\t<div class=\"e-con-inner\">\n\t\t<div class=\"elementor-element elementor-element-131153f e-con-full e-flex e-con e-child\" data-id=\"131153f\" data-element_type=\"container\" data-e-type=\"container\">\n\t\t\t\t<div class=\"elementor-element elementor-element-4a00cb4 elementor-widget elementor-widget-heading\" data-id=\"4a00cb4\" data-element_type=\"widget\" data-e-type=\"widget\" data-widget_type=\"heading.default\">\n\t\t\t\t<div class=\"elementor-widget-container\">\n\t\t\t\t\t<h2 class=\"elementor-heading-title elementor-size-default\">Le sommeil est la sant\u00e9<\/h2>\t\t\t\t<\/div>\n\t\t\t\t<\/div>\n\t\t\t\t<div class=\"elementor-element elementor-element-40b3c63 elementor-widget elementor-widget-text-editor\" data-id=\"40b3c63\" data-element_type=\"widget\" data-e-type=\"widget\" data-widget_type=\"text-editor.default\">\n\t\t\t\t<div class=\"elementor-widget-container\">\n\t\t\t\t\t\t\t\t\t<p>\u00c9tude apr\u00e8s \u00e9tude, il a \u00e9t\u00e9 d\u00e9montr\u00e9 qu&rsquo;une bonne nuit de sommeil est tout aussi importante pour votre enfant qu&rsquo;une alimentation correcte. Tout comme nous ne faisons pas grandir nos enfants avec une alimentation de malbouffe, nous ne devrions pas les laisser grandir avec un sommeil m\u00e9diocre.<\/p>\t\t\t\t\t\t\t\t<\/div>\n\t\t\t\t<\/div>\n\t\t\t\t<\/div>\n\t\t<div class=\"elementor-element elementor-element-1326aa1 e-con-full e-flex e-con e-child\" data-id=\"1326aa1\" data-element_type=\"container\" data-e-type=\"container\">\n\t\t\t\t<div class=\"elementor-element elementor-element-f8900e6 elementor-widget elementor-widget-image\" data-id=\"f8900e6\" data-element_type=\"widget\" data-e-type=\"widget\" data-widget_type=\"image.default\">\n\t\t\t\t<div class=\"elementor-widget-container\">\n\t\t\t\t\t\t\t\t\t\t\t\t\t\t\t<img decoding=\"async\" width=\"800\" height=\"558\" src=\"https:\/\/gusleepconsulting.com\/wp-content\/uploads\/2024\/02\/health-gfx.jpg\" class=\"attachment-full size-full wp-image-2463\" alt=\"\" srcset=\"https:\/\/gusleepconsulting.com\/wp-content\/uploads\/2024\/02\/health-gfx.jpg 800w, https:\/\/gusleepconsulting.com\/wp-content\/uploads\/2024\/02\/health-gfx-300x209.jpg 300w, https:\/\/gusleepconsulting.com\/wp-content\/uploads\/2024\/02\/health-gfx-768x536.jpg 768w\" sizes=\"(max-width: 800px) 100vw, 800px\" \/>\t\t\t\t\t\t\t\t\t\t\t\t\t\t\t<\/div>\n\t\t\t\t<\/div>\n\t\t\t\t<\/div>\n\t\t\t\t\t<\/div>\n\t\t\t\t<\/div>\n\t\t<div class=\"elementor-element elementor-element-d2eb699 e-flex e-con-boxed e-con e-parent\" data-id=\"d2eb699\" data-element_type=\"container\" data-e-type=\"container\">\n\t\t\t\t\t<div class=\"e-con-inner\">\n\t\t<div class=\"elementor-element elementor-element-f108c92 e-con-full e-flex e-con e-child\" data-id=\"f108c92\" data-element_type=\"container\" data-e-type=\"container\">\n\t\t\t\t<div class=\"elementor-element elementor-element-0422da4 elementor-widget elementor-widget-image\" data-id=\"0422da4\" data-element_type=\"widget\" data-e-type=\"widget\" data-widget_type=\"image.default\">\n\t\t\t\t<div class=\"elementor-widget-container\">\n\t\t\t\t\t\t\t\t\t\t\t\t\t\t\t<img decoding=\"async\" width=\"800\" height=\"558\" src=\"https:\/\/gusleepconsulting.com\/wp-content\/uploads\/2024\/02\/happiness-gfx5.jpg\" class=\"attachment-full size-full wp-image-2465\" alt=\"\" srcset=\"https:\/\/gusleepconsulting.com\/wp-content\/uploads\/2024\/02\/happiness-gfx5.jpg 800w, https:\/\/gusleepconsulting.com\/wp-content\/uploads\/2024\/02\/happiness-gfx5-300x209.jpg 300w, https:\/\/gusleepconsulting.com\/wp-content\/uploads\/2024\/02\/happiness-gfx5-768x536.jpg 768w\" sizes=\"(max-width: 800px) 100vw, 800px\" \/>\t\t\t\t\t\t\t\t\t\t\t\t\t\t\t<\/div>\n\t\t\t\t<\/div>\n\t\t\t\t<\/div>\n\t\t<div class=\"elementor-element elementor-element-7c00e91 e-con-full e-flex e-con e-child\" data-id=\"7c00e91\" data-element_type=\"container\" data-e-type=\"container\">\n\t\t\t\t<div class=\"elementor-element elementor-element-d031ad5 elementor-widget elementor-widget-heading\" data-id=\"d031ad5\" data-element_type=\"widget\" data-e-type=\"widget\" data-widget_type=\"heading.default\">\n\t\t\t\t<div class=\"elementor-widget-container\">\n\t\t\t\t\t<h2 class=\"elementor-heading-title elementor-size-default\">Le sommeil est le bonheur<\/h2>\t\t\t\t<\/div>\n\t\t\t\t<\/div>\n\t\t\t\t<div class=\"elementor-element elementor-element-e3e4de9 elementor-widget elementor-widget-text-editor\" data-id=\"e3e4de9\" data-element_type=\"widget\" data-e-type=\"widget\" data-widget_type=\"text-editor.default\">\n\t\t\t\t<div class=\"elementor-widget-container\">\n\t\t\t\t\t\t\t\t\t<p>Il existe un lien clair entre la privation chronique de sommeil et la d\u00e9pression post-partum. La plupart des m\u00e8res signalent une am\u00e9lioration spectaculaire de leur humeur (et de celle de leur enfant !) une fois que la famille dort bien.<\/p>\t\t\t\t\t\t\t\t<\/div>\n\t\t\t\t<\/div>\n\t\t\t\t<\/div>\n\t\t\t\t\t<\/div>\n\t\t\t\t<\/div>\n\t\t<div class=\"elementor-element elementor-element-2d3fe9e e-flex e-con-boxed e-con e-parent\" data-id=\"2d3fe9e\" data-element_type=\"container\" data-e-type=\"container\">\n\t\t\t\t\t<div class=\"e-con-inner\">\n\t\t<div class=\"elementor-element elementor-element-a76bf6b e-con-full e-flex e-con e-child\" data-id=\"a76bf6b\" data-element_type=\"container\" data-e-type=\"container\">\n\t\t\t\t<div class=\"elementor-element elementor-element-e17ca6d elementor-widget elementor-widget-heading\" data-id=\"e17ca6d\" data-element_type=\"widget\" data-e-type=\"widget\" data-widget_type=\"heading.default\">\n\t\t\t\t<div class=\"elementor-widget-container\">\n\t\t\t\t\t<h2 class=\"elementor-heading-title elementor-size-default\">Le sommeil est naturel<\/h2>\t\t\t\t<\/div>\n\t\t\t\t<\/div>\n\t\t\t\t<div class=\"elementor-element elementor-element-a2f5bbc elementor-widget elementor-widget-text-editor\" data-id=\"a2f5bbc\" data-element_type=\"widget\" data-e-type=\"widget\" data-widget_type=\"text-editor.default\">\n\t\t\t\t<div class=\"elementor-widget-container\">\n\t\t\t\t\t\t\t\t\t<p>Bien que le sommeil soit un processus naturel, les enfants doivent apprendre \u00e0 bien dormir, tout comme ils apprennent \u00e0 manger, marcher et parler. Enseigner de bonnes habitudes de sommeil aux enfants est un aspect crucial de la parentalit\u00e9. Lorsque les parents sont incertains sur la mani\u00e8re de guider leurs enfants dans ce domaine, je suis l\u00e0 pour offrir soutien et conseils.<\/p>\t\t\t\t\t\t\t\t<\/div>\n\t\t\t\t<\/div>\n\t\t\t\t<\/div>\n\t\t<div class=\"elementor-element elementor-element-fd0a437 e-con-full e-flex e-con e-child\" data-id=\"fd0a437\" data-element_type=\"container\" data-e-type=\"container\">\n\t\t\t\t<div class=\"elementor-element elementor-element-d5aa751 elementor-widget elementor-widget-image\" data-id=\"d5aa751\" data-element_type=\"widget\" data-e-type=\"widget\" data-widget_type=\"image.default\">\n\t\t\t\t<div class=\"elementor-widget-container\">\n\t\t\t\t\t\t\t\t\t\t\t\t\t\t\t<img loading=\"lazy\" decoding=\"async\" width=\"800\" height=\"558\" src=\"https:\/\/gusleepconsulting.com\/wp-content\/uploads\/2024\/02\/sleep-natural.jpg\" class=\"attachment-full size-full wp-image-2467\" alt=\"\" srcset=\"https:\/\/gusleepconsulting.com\/wp-content\/uploads\/2024\/02\/sleep-natural.jpg 800w, https:\/\/gusleepconsulting.com\/wp-content\/uploads\/2024\/02\/sleep-natural-300x209.jpg 300w, https:\/\/gusleepconsulting.com\/wp-content\/uploads\/2024\/02\/sleep-natural-768x536.jpg 768w\" sizes=\"(max-width: 800px) 100vw, 800px\" \/>\t\t\t\t\t\t\t\t\t\t\t\t\t\t\t<\/div>\n\t\t\t\t<\/div>\n\t\t\t\t<\/div>\n\t\t\t\t\t<\/div>\n\t\t\t\t<\/div>\n\t\t<div class=\"elementor-element elementor-element-70a3d77 e-flex e-con-boxed e-con e-parent\" data-id=\"70a3d77\" data-element_type=\"container\" data-e-type=\"container\" data-settings=\"{&quot;background_background&quot;:&quot;classic&quot;}\">\n\t\t\t\t\t<div class=\"e-con-inner\">\n\t\t\t\t<div class=\"elementor-element elementor-element-23f3e71 elementor-widget elementor-widget-heading\" data-id=\"23f3e71\" data-element_type=\"widget\" data-e-type=\"widget\" data-widget_type=\"heading.default\">\n\t\t\t\t<div class=\"elementor-widget-container\">\n\t\t\t\t\t<h2 class=\"elementor-heading-title elementor-size-default\">Pourquoi entreprendre un parcours de sommeil avec moi ?<\/h2>\t\t\t\t<\/div>\n\t\t\t\t<\/div>\n\t\t\t\t<div class=\"elementor-element elementor-element-bedc3dd elementor-widget__width-initial elementor-widget elementor-widget-text-editor\" data-id=\"bedc3dd\" data-element_type=\"widget\" data-e-type=\"widget\" data-widget_type=\"text-editor.default\">\n\t\t\t\t<div class=\"elementor-widget-container\">\n\t\t\t\t\t\t\t\t\t<p>Je vous accompagne pour aider votre enfant \u00e0 apprendre \u00e0 s&rsquo;endormir de mani\u00e8re ind\u00e9pendante et \u00e0 profiter d&rsquo;une nuit de sommeil r\u00e9parateur. Alors que certains enfants apprennent rapidement, d&rsquo;autres peuvent rencontrer des d\u00e9fis pour se calmer ou se rendormir apr\u00e8s s&rsquo;\u00eatre r\u00e9veill\u00e9s. Beaucoup d&rsquo;enfants ont besoin d&rsquo;un peu d&rsquo;aide en cours de route.<\/p><p>Suivre un parcours de sommeil offre de nombreux avantages pour toute la famille. Un sommeil ad\u00e9quat est crucial pour le bien-\u00eatre et la fonctionnalit\u00e9 de tous. Lorsqu&rsquo;un enfant apprend \u00e0 dormir ind\u00e9pendamment, cela permet au parent de r\u00e9cup\u00e9rer et d&rsquo;obtenir le repos qu&rsquo;il m\u00e9rite. Un parent bien repos\u00e9 peut exceller dans les r\u00f4les de parent et de conjoint.<\/p><p>Les nouveau-n\u00e9s, en particulier, ont du mal \u00e0 \u00e9tablir leurs propres rythmes jour-nuit, malgr\u00e9 leur besoin biologique de le faire. Par cons\u00e9quent, les parents jouent un r\u00f4le essentiel dans la cr\u00e9ation d&rsquo;une routine structur\u00e9e pour leurs enfants.<\/p><p>Un sommeil de qualit\u00e9 est essentiel pour la sant\u00e9 et le d\u00e9veloppement de l&rsquo;enfant. Il contribue \u00e0 la consolidation de la m\u00e9moire et au bien-\u00eatre g\u00e9n\u00e9ral, favorise une atmosph\u00e8re sereine au sein de la famille. Le sommeil ininterrompu est vital pour vous et vos enfants. Les enfants bien repos\u00e9s ont tendance \u00e0 \u00eatre plus sains, plus heureux et moins irritables.<\/p><p>Un obstacle courant au sommeil de l&rsquo;enfant est la d\u00e9pendance aux \u00ab\u00a0supports de sommeil\u00a0\u00bb d\u00e9velopp\u00e9s pendant les premi\u00e8res phases de la vie. Ces supports, tels que l&rsquo;allaitement ou le balancement pour s&rsquo;endormir, peuvent entraver le d\u00e9veloppement des comp\u00e9tences de sommeil ind\u00e9pendantes. Reconna\u00eetre quand ces m\u00e9thodes ne sont plus efficaces est crucial pour d\u00e9cider de l&rsquo;approche appropri\u00e9e du parcours de sommeil.<\/p><p>Il existe diverses m\u00e9thodologies pour aider les enfants \u00e0 d\u00e9velopper des habitudes de sommeil saines, et je suis l\u00e0 pour vous guider \u00e0 travers elles.<\/p>\t\t\t\t\t\t\t\t<\/div>\n\t\t\t\t<\/div>\n\t\t\t\t\t<\/div>\n\t\t\t\t<\/div>\n\t\t\t\t<\/div>\n\t\t","protected":false},"excerpt":{"rendered":"<p>Le sommeil est personnel Votre enfant a des habitudes de sommeil uniques et une personnalit\u00e9 propre. Vous avez votre propre style parental. La \u00ab\u00a0magie\u00a0\u00bb op\u00e8re lorsque nous cr\u00e9ons une approche adapt\u00e9e \u00e0 votre enfant et avec laquelle vous vous sentez \u00e0 l&rsquo;aise en tant que parent. Le sommeil est la sant\u00e9 \u00c9tude apr\u00e8s \u00e9tude, il [&hellip;]<\/p>\n","protected":false},"author":1,"featured_media":0,"parent":0,"menu_order":0,"comment_status":"closed","ping_status":"closed","template":"","meta":{"footnotes":""},"class_list":["post-2640","page","type-page","status-publish","hentry"],"_links":{"self":[{"href":"https:\/\/gusleepconsulting.com\/fr\/wp-json\/wp\/v2\/pages\/2640","targetHints":{"allow":["GET"]}}],"collection":[{"href":"https:\/\/gusleepconsulting.com\/fr\/wp-json\/wp\/v2\/pages"}],"about":[{"href":"https:\/\/gusleepconsulting.com\/fr\/wp-json\/wp\/v2\/types\/page"}],"author":[{"embeddable":true,"href":"https:\/\/gusleepconsulting.com\/fr\/wp-json\/wp\/v2\/users\/1"}],"replies":[{"embeddable":true,"href":"https:\/\/gusleepconsulting.com\/fr\/wp-json\/wp\/v2\/comments?post=2640"}],"version-history":[{"count":19,"href":"https:\/\/gusleepconsulting.com\/fr\/wp-json\/wp\/v2\/pages\/2640\/revisions"}],"predecessor-version":[{"id":2659,"href":"https:\/\/gusleepconsulting.com\/fr\/wp-json\/wp\/v2\/pages\/2640\/revisions\/2659"}],"wp:attachment":[{"href":"https:\/\/gusleepconsulting.com\/fr\/wp-json\/wp\/v2\/media?parent=2640"}],"curies":[{"name":"wp","href":"https:\/\/api.w.org\/{rel}","templated":true}]}}